{"id":429,"date":"2021-10-05T16:25:15","date_gmt":"2021-10-05T14:25:15","guid":{"rendered":"http:\/\/ventalon.fr\/?page_id=429"},"modified":"2025-01-21T14:19:49","modified_gmt":"2025-01-21T13:19:49","slug":"nos-artisans","status":"publish","type":"page","link":"https:\/\/ventalon.fr\/?page_id=429","title":{"rendered":"Nos artisans"},"content":{"rendered":"\n<h2 class=\"wp-block-heading\">H\u00e9l\u00e8ne Thouy<\/h2>\n\n\n\n<blockquote class=\"wp-block-quote is-layout-flow wp-block-quote-is-layout-flow\">\n<p>Activit\u00e9\u00a0<strong>ind\u00e9pendante\u00a0<\/strong>de\u00a0<strong>consultante en ressources humaines\u00a0<\/strong>!<\/p>\n\n\n\n<ul class=\"wp-block-list\">\n<li>j&rsquo;\u00e9volue depuis plus de 20 ans dans ce secteur, je suis donc tr\u00e8s comp\u00e9tente dans mon domaine et je travaille dans la discr\u00e9tion et l&rsquo;\u00e9thique<\/li>\n\n\n\n<li>j&rsquo;accompagne aussi bien les particuliers qui veulent s&rsquo;orienter ou se reconvertir professionnellement que les chefs d&rsquo;entreprises qui veulent am\u00e9liorer le climat social de leur entreprise et le bien \u00eatre de leurs salari\u00e9s<\/li>\n\n\n\n<li>je travaille essentiellement \u00e0 distance (par t\u00e9l\u00e9phone et internet) mais je peux aussi me d\u00e9placer en fonction des missions<\/li>\n<\/ul>\n\n\n\n<p>Pour en savoir plus sur mon parcours professionnel :&nbsp;<a href=\"http:\/\/www.linkedin.com\/in\/h%C3%A9l%C3%A8ne-thouy-84619a97\" target=\"_blank\" rel=\"noreferrer noopener\">www.linkedin.com\/in\/h\u00e9l\u00e8ne-thouy-84619a97<\/a>&nbsp;<\/p>\n<\/blockquote>\n\n\n\n<h2 class=\"wp-block-heading\">Nathan Valdes<\/h2>\n\n\n\n<blockquote class=\"wp-block-quote is-layout-flow wp-block-quote-is-layout-flow\">\n<p>Abattage forestier, cl\u00f4ture, d\u00e9cor jardin, d\u00e9broussaillage, sculpture sur bois<\/p>\n\n\n\n<figure class=\"wp-block-gallery has-nested-images columns-default is-cropped wp-block-gallery-1 is-layout-flex wp-block-gallery-is-layout-flex\">\n<figure class=\"wp-block-image size-large\"><img loading=\"lazy\" decoding=\"async\" width=\"1024\" height=\"1024\" data-id=\"1707\" src=\"https:\/\/ventalon.fr\/wp-content\/uploads\/FB_IMG_1698161265572-1024x1024.jpg\" alt=\"\" class=\"wp-image-1707\" srcset=\"https:\/\/ventalon.fr\/wp-content\/uploads\/FB_IMG_1698161265572-1024x1024.jpg 1024w, https:\/\/ventalon.fr\/wp-content\/uploads\/FB_IMG_1698161265572-300x300.jpg 300w, https:\/\/ventalon.fr\/wp-content\/uploads\/FB_IMG_1698161265572-150x150.jpg 150w, https:\/\/ventalon.fr\/wp-content\/uploads\/FB_IMG_1698161265572-768x768.jpg 768w, https:\/\/ventalon.fr\/wp-content\/uploads\/FB_IMG_1698161265572.jpg 1080w\" sizes=\"auto, (max-width: 1024px) 100vw, 1024px\" \/><\/figure>\n\n\n\n<figure class=\"wp-block-image size-large\"><img loading=\"lazy\" decoding=\"async\" width=\"1024\" height=\"768\" data-id=\"1709\" src=\"https:\/\/ventalon.fr\/wp-content\/uploads\/FB_IMG_1698161286971-1024x768.jpg\" alt=\"\" class=\"wp-image-1709\" srcset=\"https:\/\/ventalon.fr\/wp-content\/uploads\/FB_IMG_1698161286971-1024x768.jpg 1024w, https:\/\/ventalon.fr\/wp-content\/uploads\/FB_IMG_1698161286971-300x225.jpg 300w, https:\/\/ventalon.fr\/wp-content\/uploads\/FB_IMG_1698161286971-768x576.jpg 768w, https:\/\/ventalon.fr\/wp-content\/uploads\/FB_IMG_1698161286971.jpg 1080w\" sizes=\"auto, (max-width: 1024px) 100vw, 1024px\" \/><\/figure>\n\n\n\n<figure class=\"wp-block-image size-large\"><img loading=\"lazy\" decoding=\"async\" width=\"1024\" height=\"1024\" data-id=\"1710\" src=\"https:\/\/ventalon.fr\/wp-content\/uploads\/FB_IMG_1698161343662-1024x1024.jpg\" alt=\"\" class=\"wp-image-1710\" srcset=\"https:\/\/ventalon.fr\/wp-content\/uploads\/FB_IMG_1698161343662-1024x1024.jpg 1024w, https:\/\/ventalon.fr\/wp-content\/uploads\/FB_IMG_1698161343662-300x300.jpg 300w, https:\/\/ventalon.fr\/wp-content\/uploads\/FB_IMG_1698161343662-150x150.jpg 150w, https:\/\/ventalon.fr\/wp-content\/uploads\/FB_IMG_1698161343662-768x768.jpg 768w, https:\/\/ventalon.fr\/wp-content\/uploads\/FB_IMG_1698161343662.jpg 1080w\" sizes=\"auto, (max-width: 1024px) 100vw, 1024px\" \/><\/figure>\n\n\n\n<figure class=\"wp-block-image size-large\"><img loading=\"lazy\" decoding=\"async\" width=\"1024\" height=\"1024\" data-id=\"1711\" src=\"https:\/\/ventalon.fr\/wp-content\/uploads\/FB_IMG_1698161356715-1024x1024.jpg\" alt=\"\" class=\"wp-image-1711\" srcset=\"https:\/\/ventalon.fr\/wp-content\/uploads\/FB_IMG_1698161356715-1024x1024.jpg 1024w, https:\/\/ventalon.fr\/wp-content\/uploads\/FB_IMG_1698161356715-300x300.jpg 300w, https:\/\/ventalon.fr\/wp-content\/uploads\/FB_IMG_1698161356715-150x150.jpg 150w, https:\/\/ventalon.fr\/wp-content\/uploads\/FB_IMG_1698161356715-768x768.jpg 768w, https:\/\/ventalon.fr\/wp-content\/uploads\/FB_IMG_1698161356715.jpg 1080w\" sizes=\"auto, (max-width: 1024px) 100vw, 1024px\" \/><\/figure>\n\n\n\n<figure class=\"wp-block-image size-large\"><img loading=\"lazy\" decoding=\"async\" width=\"768\" height=\"1024\" data-id=\"1708\" src=\"https:\/\/ventalon.fr\/wp-content\/uploads\/thumbnail_IMG_20231024_173144-768x1024.jpg\" alt=\"\" class=\"wp-image-1708\" srcset=\"https:\/\/ventalon.fr\/wp-content\/uploads\/thumbnail_IMG_20231024_173144-768x1024.jpg 768w, https:\/\/ventalon.fr\/wp-content\/uploads\/thumbnail_IMG_20231024_173144-225x300.jpg 225w, https:\/\/ventalon.fr\/wp-content\/uploads\/thumbnail_IMG_20231024_173144-1152x1536.jpg 1152w, https:\/\/ventalon.fr\/wp-content\/uploads\/thumbnail_IMG_20231024_173144-1536x2048.jpg 1536w, https:\/\/ventalon.fr\/wp-content\/uploads\/thumbnail_IMG_20231024_173144.jpg 1920w\" sizes=\"auto, (max-width: 768px) 100vw, 768px\" \/><\/figure>\n\n\n<\/figure>\n<\/blockquote>\n\n\n\n<h2 class=\"wp-block-heading\">Thomas Brasseur<\/h2>\n\n\n\n<blockquote class=\"wp-block-quote is-layout-flow wp-block-quote-is-layout-flow\">\n<p>Agroma\u00e7onnerie, menuiserarerie, accroterrassement.<\/p>\n\n\n\n<p>Cabanis, 48160 Ventalon en C\u00e9vennes, St And\u00e9ol de Clerguemort.<\/p>\n\n\n\n<p>T\u00e9l\u00e9phone : 06 83 12 16 31<\/p>\n\n\n\n<p>APE 267 Z<\/p>\n\n\n\n<p>Siret 488744913<\/p>\n<\/blockquote>\n\n\n\n<h2 class=\"wp-block-heading\">Adian Bech<\/h2>\n\n\n\n<blockquote class=\"wp-block-quote is-layout-flow wp-block-quote-is-layout-flow\">\n<p>Foodtruck<\/p>\n<\/blockquote>\n\n\n\n<h2 class=\"wp-block-heading\">Lucile Burnichon<\/h2>\n\n\n\n<blockquote class=\"wp-block-quote is-layout-flow wp-block-quote-is-layout-flow\">\n<p>Poteries artisanales et d\u00e9coratives en fa\u00efence.<\/p>\n\n\n\n<p><a href=\"https:\/\/www.facebook.com\/fleur2carotte\">https:\/\/www.facebook.com\/fleur2carotte<\/a><\/p>\n<\/blockquote>\n\n\n\n<h2 class=\"wp-block-heading\">Nadine Vilas<\/h2>\n\n\n\n<blockquote class=\"wp-block-quote is-layout-flow wp-block-quote-is-layout-flow\">\n<p>www.gitedeliou-cevennes.fr<\/p>\n<\/blockquote>\n\n\n\n<h2 class=\"wp-block-heading\">H\u00e9l\u00e8ne Menatory<\/h2>\n\n\n\n<blockquote class=\"wp-block-quote is-layout-flow wp-block-quote-is-layout-flow\">\n<p>Alias \u00ab\u00a0la charpenti\u00e8re\u00a0\u00bb est sp\u00e9cialis\u00e9e dans la fabrication sur mesure de maisons \u00e0 ossature bois, des charpentes traditionnelles (en neuf et en r\u00e9novation).<br><br>H\u00e9l\u00e8ne r\u00e9alise \u00e9galement des terrasses, des pergolas ou des am\u00e9nagements int\u00e9rieurs en bois.<\/p>\n\n\n\n<p>Elle travaille avec du bois local (ch\u00e2taignier, douglas, m\u00e9l\u00e8ze), non trait\u00e9 si possible en fonction des lieux et utilisations.<\/p>\n\n\n\n<p>T\u00e9l\u00e9phone : 06 13 64 11 32  mail : lacharpentiere@yahoo.com<\/p>\n\n\n\n<p><a href=\"https:\/\/www.la-charpentiere.fr\">https:\/\/www.la-charpentiere.fr<\/a><\/p>\n<\/blockquote>\n\n\n<style>.wp-block-kadence-column.kb-section-dir-horizontal > .kt-inside-inner-col > .kt-info-box429_fae22b-ea .kt-blocks-info-box-link-wrap{max-width:unset;}.kt-info-box429_fae22b-ea .kt-blocks-info-box-link-wrap{border-top-left-radius:0px;border-top-right-radius:0px;border-bottom-right-radius:0px;border-bottom-left-radius:0px;background:#f2f2f2;padding-top:20px;padding-right:20px;padding-bottom:20px;padding-left:20px;}.kt-info-box429_fae22b-ea .kt-blocks-info-box-link-wrap:hover{background:#f2f2f2;}.kt-info-box429_fae22b-ea .kadence-info-box-icon-container .kt-info-svg-icon, .kt-info-box429_fae22b-ea .kt-info-svg-icon-flip, .kt-info-box429_fae22b-ea .kt-blocks-info-box-number{font-size:50px;}.kt-info-box429_fae22b-ea .kt-blocks-info-box-media{color:#444444;background:transparent;border-color:#444444;border-top-width:0px;border-right-width:0px;border-bottom-width:0px;border-left-width:0px;padding-top:10px;padding-right:10px;padding-bottom:10px;padding-left:10px;}.kt-info-box429_fae22b-ea .kt-blocks-info-box-media-container{margin-top:0px;margin-right:15px;margin-bottom:0px;margin-left:15px;}.kt-info-box429_fae22b-ea .kt-blocks-info-box-link-wrap:hover .kt-blocks-info-box-media{color:#444444;background:transparent;border-color:#444444;}.kt-info-box429_fae22b-ea .kt-infobox-textcontent h2.kt-blocks-info-box-title{padding-top:0px;padding-right:0px;padding-bottom:0px;padding-left:0px;margin-top:5px;margin-right:0px;margin-bottom:10px;margin-left:0px;}.kt-info-box429_fae22b-ea .kt-infobox-textcontent .kt-blocks-info-box-text{color:#555555;}.kt-info-box429_fae22b-ea .kt-blocks-info-box-learnmore{background:transparent;border-color:#555555;border-width:0px 0px 0px 0px;padding-top:4px;padding-right:8px;padding-bottom:4px;padding-left:8px;margin-top:10px;margin-right:0px;margin-bottom:10px;margin-left:0px;}.kt-info-box429_fae22b-ea .kt-blocks-info-box-link-wrap:hover .kt-blocks-info-box-learnmore,.kt-info-box429_fae22b-ea .kt-blocks-info-box-link-wrap .kt-blocks-info-box-learnmore:focus{color:#ffffff;background:#444444;border-color:#444444;}<\/style>\n<div class=\"wp-block-kadence-infobox kt-info-box429_fae22b-ea\"><span class=\"kt-blocks-info-box-link-wrap info-box-link kt-blocks-info-box-media-align-top kt-info-halign-center\"><div class=\"kt-blocks-info-box-media-container\"><div class=\"kt-blocks-info-box-media kt-info-media-animate-none\"><div class=\"kadence-info-box-icon-container kt-info-icon-animate-none\"><div class=\"kadence-info-box-icon-inner-container\"><span class=\"kb-svg-icon-wrap kb-svg-icon-ic_person kt-info-svg-icon\"><svg viewBox=\"0 0 8 8\"  fill=\"currentColor\" xmlns=\"http:\/\/www.w3.org\/2000\/svg\"  aria-hidden=\"true\"><path d=\"M4 0c-1.1 0-2 1.12-2 2.5s.9 2.5 2 2.5 2-1.12 2-2.5-.9-2.5-2-2.5zm-2.09 5c-1.06.05-1.91.92-1.91 2v1h8v-1c0-1.08-.84-1.95-1.91-2-.54.61-1.28 1-2.09 1-.81 0-1.55-.39-2.09-1z\"\/><\/svg><\/span><\/div><\/div><\/div><\/div><div class=\"kt-infobox-textcontent\"><h2 class=\"kt-blocks-info-box-title\">Proposer un contact<\/h2><p class=\"kt-blocks-info-box-text\">Vous exercez une activit\u00e9 sur notre commune ? Vous souhaitez que vos r\u00e9f\u00e9rences apparaissent sur notre site internet  ?<br\/>Compl\u00e9tez le formulaire ci-dessous le plus pr\u00e9cis\u00e9ment possible. Votre proposition sera \u00e9tudi\u00e9e avant d\u2019\u00eatre mise en ligne.<\/p><\/div><\/span><\/div>\n\n\n<style>.wp-block-kadence-spacer.kt-block-spacer-429_602cf9-5b .kt-block-spacer{height:60px;}.wp-block-kadence-spacer.kt-block-spacer-429_602cf9-5b .kt-divider{border-top-width:1px;height:1px;border-top-color:var(--global-palette9, #ffffff);width:80%;border-top-style:solid;}<\/style>\n<div class=\"wp-block-kadence-spacer aligncenter kt-block-spacer-429_602cf9-5b\"><div class=\"kt-block-spacer kt-block-spacer-halign-center\"><hr class=\"kt-divider\"\/><\/div><\/div>\n\n\n\n<div class=\"wp-block-contact-form-7-contact-form-selector\">\n<div class=\"wpcf7 no-js\" id=\"wpcf7-f1164-o1\" lang=\"fr-FR\" dir=\"ltr\" data-wpcf7-id=\"1164\">\n<div class=\"screen-reader-response\"><p role=\"status\" aria-live=\"polite\" aria-atomic=\"true\"><\/p> <ul><\/ul><\/div>\n<form action=\"\/index.php?rest_route=%2Fwp%2Fv2%2Fpages%2F429#wpcf7-f1164-o1\" method=\"post\" class=\"wpcf7-form init\" aria-label=\"Formulaire de contact\" enctype=\"multipart\/form-data\" novalidate=\"novalidate\" data-status=\"init\">\n<fieldset class=\"hidden-fields-container\"><input type=\"hidden\" name=\"_wpcf7\" value=\"1164\" \/><input type=\"hidden\" name=\"_wpcf7_version\" value=\"6.1.5\" \/><input type=\"hidden\" name=\"_wpcf7_locale\" value=\"fr_FR\" \/><input type=\"hidden\" name=\"_wpcf7_unit_tag\" value=\"wpcf7-f1164-o1\" \/><input type=\"hidden\" name=\"_wpcf7_container_post\" value=\"0\" \/><input type=\"hidden\" name=\"_wpcf7_posted_data_hash\" value=\"\" \/><input type=\"hidden\" name=\"_wpcf7_recaptcha_response\" value=\"\" \/>\n<\/fieldset>\n<p><label> Titre<br \/>\n<span class=\"wpcf7-form-control-wrap\" data-name=\"Titre\"><input size=\"40\" maxlength=\"400\" class=\"wpcf7-form-control wpcf7-text wpcf7-validates-as-required\" aria-required=\"true\" aria-invalid=\"false\" value=\"\" type=\"text\" name=\"Titre\" \/><\/span> <\/label>\n<\/p>\n<p><label> Image d'en t\u00eate<br \/>\n<span class=\"wpcf7-form-control-wrap\" data-name=\"file-0\"><input size=\"40\" class=\"wpcf7-form-control wpcf7-file\" accept=\"audio\/*,video\/*,image\/*\" aria-invalid=\"false\" type=\"file\" name=\"file-0\" \/><\/span> <\/label>\n<\/p>\n<p><label> Nom Pr\u00e9nom ou Nom de l'entreprise<br \/>\n<span class=\"wpcf7-form-control-wrap\" data-name=\"text-765\"><input size=\"40\" maxlength=\"400\" class=\"wpcf7-form-control wpcf7-text wpcf7-validates-as-required\" aria-required=\"true\" aria-invalid=\"false\" value=\"\" type=\"text\" name=\"text-765\" \/><\/span> <\/label>\n<\/p>\n<p><label> T\u00e9l\u00e9phone<br \/>\n<span class=\"wpcf7-form-control-wrap\" data-name=\"tel-867\"><input size=\"40\" maxlength=\"400\" class=\"wpcf7-form-control wpcf7-tel wpcf7-validates-as-required wpcf7-text wpcf7-validates-as-tel\" aria-required=\"true\" aria-invalid=\"false\" value=\"\" type=\"tel\" name=\"tel-867\" \/><\/span> <\/label>\n<\/p>\n<p><label> Email<br \/>\n<span class=\"wpcf7-form-control-wrap\" data-name=\"email-868\"><input size=\"40\" maxlength=\"400\" class=\"wpcf7-form-control wpcf7-email wpcf7-text wpcf7-validates-as-email\" aria-invalid=\"false\" value=\"\" type=\"email\" name=\"email-868\" \/><\/span> <\/label>\n<\/p>\n<p><label> Adresse<br \/>\n<span class=\"wpcf7-form-control-wrap\" data-name=\"Adresse\"><input size=\"40\" maxlength=\"400\" class=\"wpcf7-form-control wpcf7-text wpcf7-validates-as-required\" aria-required=\"true\" aria-invalid=\"false\" value=\"\" type=\"text\" name=\"Adresse\" \/><\/span> <\/label>\n<\/p>\n<p><label> Horaires d'ouverture<br \/>\n<span class=\"wpcf7-form-control-wrap\" data-name=\"text-765\"><input size=\"40\" maxlength=\"400\" class=\"wpcf7-form-control wpcf7-text\" aria-invalid=\"false\" value=\"\" type=\"text\" name=\"text-765\" \/><\/span> <\/label>\n<\/p>\n<p><label> N\u00b0 Siret<br \/>\n<span class=\"wpcf7-form-control-wrap\" data-name=\"text-952\"><input size=\"40\" maxlength=\"400\" class=\"wpcf7-form-control wpcf7-text\" aria-invalid=\"false\" value=\"\" type=\"text\" name=\"text-952\" \/><\/span> <\/label>\n<\/p>\n<p><label> N\u00b0 RNA<br \/>\n<span class=\"wpcf7-form-control-wrap\" data-name=\"text-952\"><input size=\"40\" maxlength=\"400\" class=\"wpcf7-form-control wpcf7-text\" aria-invalid=\"false\" value=\"\" type=\"text\" name=\"text-952\" \/><\/span> <\/label>\n<\/p>\n<p><label> Contenu (Site web \/ r\u00e9seaux sociaux \/ blog ...)<br \/>\n<span class=\"wpcf7-form-control-wrap\" data-name=\"Contenu\"><input size=\"40\" maxlength=\"400\" class=\"wpcf7-form-control wpcf7-text wpcf7-validates-as-required\" aria-required=\"true\" aria-invalid=\"false\" value=\"\" type=\"text\" name=\"Contenu\" \/><\/span> <\/label>\n<\/p>\n<p><label> Votre message (facultatif)<br \/>\n<span class=\"wpcf7-form-control-wrap\" data-name=\"your-message\"><textarea cols=\"40\" rows=\"10\" maxlength=\"2000\" class=\"wpcf7-form-control wpcf7-textarea\" aria-invalid=\"false\" name=\"your-message\"><\/textarea><\/span> <\/label>\n<\/p>\n<p><span class=\"wpcf7-form-control-wrap\" data-name=\"acceptance-108\"><span class=\"wpcf7-form-control wpcf7-acceptance\"><span class=\"wpcf7-list-item\"><input type=\"checkbox\" name=\"acceptance-108\" value=\"1\" aria-invalid=\"false\" \/><\/span><\/span><\/span><label> En envoyant ce formulaire, j'accepte que mes donn\u00e9es personnelles soient utilis\u00e9es pour mener \u00e0 bien ma demande.<br \/>\n<input class=\"wpcf7-form-control wpcf7-submit has-spinner\" type=\"submit\" value=\"Envoyer\" \/><\/label>\n<\/p><div class=\"wpcf7-response-output\" aria-hidden=\"true\"><\/div>\n<\/form>\n<\/div>\n\r\n\t\t\t\t<script>\r\n\t\t\t\tif ( typeof huOptions !== 'undefined' ) {\r\n\t\t\t\t\tvar huFormData = {\"source\":\"contactform7\",\"id\":1164,\"title\":\"Formulaire annuaire\",\"fields\":{\"subject\":{\"first_name\":\"your-name\",\"email\":\"your-email\"},\"preferences\":{\"terms\":\"your-consent\"}}};\r\n\t\t\t\t\tvar huFormNode = document.querySelector( '[id^=\"wpcf7-f1164-\"] form' );\r\n\r\n\t\t\t\t\thuFormData['node'] = huFormNode;\r\n\t\t\t\t\thuOptions['forms'].push( huFormData );\r\n\t\t\t\t}\r\n\t\t\t\t<\/script><\/div>\n","protected":false},"excerpt":{"rendered":"<p>H\u00e9l\u00e8ne Thouy Nathan Valdes Thomas Brasseur Agroma\u00e7onnerie, menuiserarerie, accroterrassement. Cabanis, 48160 Ventalon en C\u00e9vennes, St And\u00e9ol de Clerguemort. T\u00e9l\u00e9phone : 06 83 12 16 31 APE 267 Z Siret 488744913 Adian Bech Foodtruck Lucile Burnichon Poteries artisanales et d\u00e9coratives en fa\u00efence. https:\/\/www.facebook.com\/fleur2carotte Nadine Vilas www.gitedeliou-cevennes.fr H\u00e9l\u00e8ne Menatory Alias \u00ab\u00a0la charpenti\u00e8re\u00a0\u00bb est sp\u00e9cialis\u00e9e dans la fabrication&#8230;<\/p>\n","protected":false},"author":1,"featured_media":0,"parent":0,"menu_order":0,"comment_status":"closed","ping_status":"closed","template":"","meta":{"_kadence_starter_templates_imported_post":false,"_kad_post_transparent":"","_kad_post_title":"","_kad_post_layout":"","_kad_post_sidebar_id":"","_kad_post_content_style":"","_kad_post_vertical_padding":"","_kad_post_feature":"","_kad_post_feature_position":"","_kad_post_header":false,"_kad_post_footer":false,"_kad_post_classname":"","footnotes":""},"categories":[],"tags":[],"class_list":["post-429","page","type-page","status-publish","hentry"],"jetpack_sharing_enabled":true,"jetpack_likes_enabled":true,"_links":{"self":[{"href":"https:\/\/ventalon.fr\/index.php?rest_route=\/wp\/v2\/pages\/429","targetHints":{"allow":["GET"]}}],"collection":[{"href":"https:\/\/ventalon.fr\/index.php?rest_route=\/wp\/v2\/pages"}],"about":[{"href":"https:\/\/ventalon.fr\/index.php?rest_route=\/wp\/v2\/types\/page"}],"author":[{"embeddable":true,"href":"https:\/\/ventalon.fr\/index.php?rest_route=\/wp\/v2\/users\/1"}],"replies":[{"embeddable":true,"href":"https:\/\/ventalon.fr\/index.php?rest_route=%2Fwp%2Fv2%2Fcomments&post=429"}],"version-history":[{"count":11,"href":"https:\/\/ventalon.fr\/index.php?rest_route=\/wp\/v2\/pages\/429\/revisions"}],"predecessor-version":[{"id":1713,"href":"https:\/\/ventalon.fr\/index.php?rest_route=\/wp\/v2\/pages\/429\/revisions\/1713"}],"wp:attachment":[{"href":"https:\/\/ventalon.fr\/index.php?rest_route=%2Fwp%2Fv2%2Fmedia&parent=429"}],"wp:term":[{"taxonomy":"category","embeddable":true,"href":"https:\/\/ventalon.fr\/index.php?rest_route=%2Fwp%2Fv2%2Fcategories&post=429"},{"taxonomy":"post_tag","embeddable":true,"href":"https:\/\/ventalon.fr\/index.php?rest_route=%2Fwp%2Fv2%2Ftags&post=429"}],"curies":[{"name":"wp","href":"https:\/\/api.w.org\/{rel}","templated":true}]}}