{"id":1132,"date":"2022-06-20T16:28:19","date_gmt":"2022-06-20T14:28:19","guid":{"rendered":"https:\/\/ventalon.fr\/?page_id=1132"},"modified":"2022-06-20T16:30:08","modified_gmt":"2022-06-20T14:30:08","slug":"le-temple-de-lezinier","status":"publish","type":"page","link":"https:\/\/ventalon.fr\/?page_id=1132","title":{"rendered":"Le Temple de L\u00e9zinier"},"content":{"rendered":"\n<p><\/p>\n\n\n\n<p><em>Tout comme les \u00e9glises catholiques ou orthodoxes, les temples protestants offrent une grande vari\u00e9t\u00e9 architecturale dans leur forme\u00a0: hexagonaux, octogonaux, rectangulaires\u2026<\/em><\/p>\n\n\n\n<p><em>Inspir\u00e9e de l\u2019Antiquit\u00e9, la construction de temples \u00ab&nbsp;ronds&nbsp;\u00bb ou \u00ab&nbsp;circulaires&nbsp;\u00bb avait pour double objectif de se d\u00e9marquer des \u00e9glises catholiques (en inventant des nouvelles formes) et d\u2019obtenir un plan centr\u00e9, mieux adapt\u00e9 \u00e0 l\u2019\u00e9coute de la Parole. &nbsp;Ce sont sans doute les \u00e9difices ronds qui r\u00e9pondirent le mieux aux nouveaux besoins liturgiques des Protestants, afin de rassembler la communaut\u00e9 autour du ministre.<\/em><\/p>\n\n\n\n<p><em>D\u2019une architecture tr\u00e8s particuli\u00e8re, enti\u00e8rement circulaire, le Temple de L\u00e9zinier se distingue pour n\u2019\u00eatre en aucun point appuy\u00e9 sur un mur ou tout autre \u00e9difice. Termin\u00e9 en 1837, sa construction a \u00e9t\u00e9 r\u00e9alis\u00e9e \u00e0 l\u2019emplacement des ruines de l\u2019un des 200 temples d\u00e9truits en C\u00e9vennes lors du Grand Br\u00fblement \u00e0 l\u2019automne 1703.<\/em><\/p>\n","protected":false},"excerpt":{"rendered":"<p>Tout comme les \u00e9glises catholiques ou orthodoxes, les temples protestants offrent une grande vari\u00e9t\u00e9 architecturale dans leur forme\u00a0: hexagonaux, octogonaux, rectangulaires\u2026 Inspir\u00e9e de l\u2019Antiquit\u00e9, la construction de temples \u00ab&nbsp;ronds&nbsp;\u00bb ou \u00ab&nbsp;circulaires&nbsp;\u00bb avait pour double objectif de se d\u00e9marquer des \u00e9glises catholiques (en inventant des nouvelles formes) et d\u2019obtenir un plan centr\u00e9, mieux adapt\u00e9 \u00e0 l\u2019\u00e9coute&#8230;<\/p>\n","protected":false},"author":1,"featured_media":0,"parent":0,"menu_order":0,"comment_status":"closed","ping_status":"closed","template":"","meta":{"_kadence_starter_templates_imported_post":false,"_kad_post_transparent":"","_kad_post_title":"","_kad_post_layout":"","_kad_post_sidebar_id":"","_kad_post_content_style":"","_kad_post_vertical_padding":"","_kad_post_feature":"","_kad_post_feature_position":"","_kad_post_header":false,"_kad_post_footer":false,"_kad_post_classname":"","footnotes":""},"categories":[],"tags":[],"class_list":["post-1132","page","type-page","status-publish","hentry"],"jetpack_sharing_enabled":true,"jetpack_likes_enabled":true,"_links":{"self":[{"href":"https:\/\/ventalon.fr\/index.php?rest_route=\/wp\/v2\/pages\/1132","targetHints":{"allow":["GET"]}}],"collection":[{"href":"https:\/\/ventalon.fr\/index.php?rest_route=\/wp\/v2\/pages"}],"about":[{"href":"https:\/\/ventalon.fr\/index.php?rest_route=\/wp\/v2\/types\/page"}],"author":[{"embeddable":true,"href":"https:\/\/ventalon.fr\/index.php?rest_route=\/wp\/v2\/users\/1"}],"replies":[{"embeddable":true,"href":"https:\/\/ventalon.fr\/index.php?rest_route=%2Fwp%2Fv2%2Fcomments&post=1132"}],"version-history":[{"count":2,"href":"https:\/\/ventalon.fr\/index.php?rest_route=\/wp\/v2\/pages\/1132\/revisions"}],"predecessor-version":[{"id":1135,"href":"https:\/\/ventalon.fr\/index.php?rest_route=\/wp\/v2\/pages\/1132\/revisions\/1135"}],"wp:attachment":[{"href":"https:\/\/ventalon.fr\/index.php?rest_route=%2Fwp%2Fv2%2Fmedia&parent=1132"}],"wp:term":[{"taxonomy":"category","embeddable":true,"href":"https:\/\/ventalon.fr\/index.php?rest_route=%2Fwp%2Fv2%2Fcategories&post=1132"},{"taxonomy":"post_tag","embeddable":true,"href":"https:\/\/ventalon.fr\/index.php?rest_route=%2Fwp%2Fv2%2Ftags&post=1132"}],"curies":[{"name":"wp","href":"https:\/\/api.w.org\/{rel}","templated":true}]}}